{"id":73,"date":"2026-01-31T15:17:02","date_gmt":"2026-01-31T15:17:02","guid":{"rendered":"https:\/\/www.ulasmatbaa.net\/?page_id=73"},"modified":"2026-02-05T12:13:04","modified_gmt":"2026-02-05T12:13:04","slug":"iletisim","status":"publish","type":"page","link":"https:\/\/www.ulasmatbaa.net\/index.php\/iletisim\/","title":{"rendered":"\u0130LET\u0130\u015e\u0130M"},"content":{"rendered":"\t\t<div data-elementor-type=\"wp-page\" data-elementor-id=\"73\" class=\"elementor elementor-73\" data-elementor-post-type=\"page\">\n\t\t\t\t<div class=\"elementor-element elementor-element-3795545d e-flex e-con-boxed e-con e-parent\" data-id=\"3795545d\" data-element_type=\"container\" data-e-type=\"container\">\n\t\t\t\t\t<div class=\"e-con-inner\">\n\t\t<div class=\"elementor-element elementor-element-0dfb74a e-con-full e-flex e-con e-child\" data-id=\"0dfb74a\" data-element_type=\"container\" data-e-type=\"container\">\n\t\t<div class=\"elementor-element elementor-element-f8df117 e-grid e-con-boxed e-con e-child\" data-id=\"f8df117\" data-element_type=\"container\" data-e-type=\"container\">\n\t\t\t\t\t<div class=\"e-con-inner\">\n\t\t\t\t<div class=\"elementor-element elementor-element-39c1be8 elementor-widget elementor-widget-text-editor\" data-id=\"39c1be8\" data-element_type=\"widget\" data-e-type=\"widget\" data-widget_type=\"text-editor.default\">\n\t\t\t\t<div class=\"elementor-widget-container\">\n\t\t\t\t\t\t\t\t\t<div class=\"iletisim-sayfasi\">\n\n  <h2>Bize Ula\u015f\u0131n<\/h2>\n\n  <!-- Bilgiler \u00dcstte -->\n  <div class=\"iletisim-bilgiler ustte\">\n    <p><strong>Firma:<\/strong> Ula\u015f Matbaa<\/p>\n\n    <p>\n      <strong>Adres:<\/strong><br>\n      <a href=\"https:\/\/maps.app.goo.gl\/eNgpnWfQjm4dHutq9\" target=\"_blank\" rel=\"noopener noreferrer\">\n        Yamanevler Mah. Alemda\u011f Caddesi, Tolay Sk. No:4 B, 34768 \u00dcmraniye \/ \u0130stanbul\n      <\/a>\n    <\/p>\n\n    <p>\n      <strong>Telefon:<\/strong><br>\n      <a href=\"tel:+902163295000\">+90 216 329 50 00<\/a>\n    <\/p>\n\n    <p>\n      <strong>WhatsApp:<\/strong><br>\n      <a class=\"whatsapp-buton\" href=\"https:\/\/wa.me\/905453201005\" target=\"_blank\" rel=\"noopener noreferrer\">\n        WhatsApp\u2019tan Yaz\n      <\/a>\n    <\/p>\n\n    <p>\n      <strong>E-posta:<\/strong><br>\n      <a href=\"mailto:info@ulasmatbaa.net\">info@ulasmatbaa.net<\/a>\n    <\/p>\n\n    <p>\n      <strong>Web:<\/strong><br>\n      <a href=\"https:\/\/www.ulasmatbaa.net\" target=\"_blank\" rel=\"noopener noreferrer\">\n        www.ulasmatbaa.net\n      <\/a>\n    <\/p>\n  <\/div>\n\n  <!-- Harita Altta -->\n  <div class=\"iletisim-harita altta\">\n    <iframe \n      src=\"https:\/\/www.google.com\/maps\/embed?pb=!1m18!1m12!1m3!1d2625.89381905254!2d29.0990189!3d41.025698299999995!2m3!1f0!2f0!3f0!3m2!1i1024!2i768!4f13.1!3m3!1m2!1s0x14cac8f0b00230e3%3A0x4435530563772b7d!2sUla%C5%9F%20Matbaa!5e1!3m2!1str!2str!4v1769872294186!5m2!1str!2str\"\n      width=\"100%\" \n      height=\"420\" \n      style=\"border:0;\" \n      allowfullscreen \n      loading=\"lazy\"\n      referrerpolicy=\"no-referrer-when-downgrade\">\n    <\/iframe>\n  <\/div>\n\n<\/div>\n\t\t\t\t\t\t\t\t<\/div>\n\t\t\t\t<\/div>\n\t\t\t\t\t<\/div>\n\t\t\t\t<\/div>\n\t\t\t\t<\/div>\n\t\t\t\t\t<\/div>\n\t\t\t\t<\/div>\n\t\t\t\t<\/div>\n\t\t","protected":false},"excerpt":{"rendered":"<p>Bize Ula\u015f\u0131n Firma: Ula\u015f Matbaa Adres: Yamanevler Mah. Alemda\u011f Caddesi, Tolay Sk. No:4 B, 34768 \u00dcmraniye \/ \u0130stanbul Telefon: +90 216 329 50 00 WhatsApp: WhatsApp\u2019tan Yaz E-posta: info@ulasmatbaa.net Web: www.ulasmatbaa.net<\/p>\n","protected":false},"author":1,"featured_media":0,"parent":0,"menu_order":0,"comment_status":"closed","ping_status":"closed","template":"","meta":{"footnotes":""},"class_list":["post-73","page","type-page","status-publish","hentry"],"_links":{"self":[{"href":"https:\/\/www.ulasmatbaa.net\/index.php\/wp-json\/wp\/v2\/pages\/73","targetHints":{"allow":["GET"]}}],"collection":[{"href":"https:\/\/www.ulasmatbaa.net\/index.php\/wp-json\/wp\/v2\/pages"}],"about":[{"href":"https:\/\/www.ulasmatbaa.net\/index.php\/wp-json\/wp\/v2\/types\/page"}],"author":[{"embeddable":true,"href":"https:\/\/www.ulasmatbaa.net\/index.php\/wp-json\/wp\/v2\/users\/1"}],"replies":[{"embeddable":true,"href":"https:\/\/www.ulasmatbaa.net\/index.php\/wp-json\/wp\/v2\/comments?post=73"}],"version-history":[{"count":25,"href":"https:\/\/www.ulasmatbaa.net\/index.php\/wp-json\/wp\/v2\/pages\/73\/revisions"}],"predecessor-version":[{"id":109,"href":"https:\/\/www.ulasmatbaa.net\/index.php\/wp-json\/wp\/v2\/pages\/73\/revisions\/109"}],"wp:attachment":[{"href":"https:\/\/www.ulasmatbaa.net\/index.php\/wp-json\/wp\/v2\/media?parent=73"}],"curies":[{"name":"wp","href":"https:\/\/api.w.org\/{rel}","templated":true}]}}